{"id":103,"date":"2026-02-10T20:26:58","date_gmt":"2026-02-10T20:26:58","guid":{"rendered":"https:\/\/alexandradesousa.online\/wordpress_1\/?page_id=103"},"modified":"2026-02-17T21:06:47","modified_gmt":"2026-02-17T21:06:47","slug":"messages","status":"publish","type":"page","link":"https:\/\/alexandradesousa.online\/index.php\/messages\/","title":{"rendered":"Messages"},"content":{"rendered":"\t\t<div data-elementor-type=\"wp-page\" data-elementor-id=\"103\" class=\"elementor elementor-103\">\n\t\t\t\t<div class=\"elementor-element elementor-element-842b4a9 e-flex e-con-boxed e-con e-parent\" data-id=\"842b4a9\" data-element_type=\"container\">\n\t\t\t\t\t<div class=\"e-con-inner\">\n\t\t\t\t<div class=\"elementor-element elementor-element-bad27e1 elementor-widget elementor-widget-text-editor\" data-id=\"bad27e1\" data-element_type=\"widget\" data-widget_type=\"text-editor.default\">\n\t\t\t\t\t\t\t\t\t<p>&#8220;Alexandra is an exceptionally smart, creative, and hardworking professional who consistently brings thoughtful ideas and strong execution to everything she does. She approaches challenges with innovation and determination, making her a reliable and inspiring creator. Alexandra\u2019s dedication to quality and continuous improvement makes her a valuable asset in any environment.&#8221;<\/p><p>Lori<\/p><p>\u00abAlexandra \u00e9 uma profissional excepcionalmente inteligente, criativa e trabalhadora, que sempre traz ideias bem pensadas e uma execu\u00e7\u00e3o s\u00f3lida para tudo o que faz. Ela encara os desafios com inova\u00e7\u00e3o e determina\u00e7\u00e3o, o que a torna uma criadora confi\u00e1vel e inspiradora. A dedica\u00e7\u00e3o de Alexandra \u00e0 qualidade e \u00e0 melhoria cont\u00ednua faz dela um recurso valioso em qualquer ambiente.\u00bb<\/p>\t\t\t\t\t\t\t\t<\/div>\n\t\t\t\t\t<\/div>\n\t\t\t\t<\/div>\n\t\t<div class=\"elementor-element elementor-element-360e9f5 e-flex e-con-boxed e-con e-parent\" data-id=\"360e9f5\" data-element_type=\"container\">\n\t\t\t\t\t<div class=\"e-con-inner\">\n\t\t\t\t<div class=\"elementor-element elementor-element-256b734 elementor-widget elementor-widget-text-editor\" data-id=\"256b734\" data-element_type=\"widget\" data-widget_type=\"text-editor.default\">\n\t\t\t\t\t\t\t\t\t<p>&#8220;A Alexandra \u00e9 uma pessoa sens\u00edvel e generosa. \u00c9 muito boa confidente, sabe ouvir e orienta-nos no caminho certo. Falar com ela \u00e9 sempre positivo e levanta o alto astral de qualquer pessoa!&#8221;<\/p><p>&#8220;Alexandra is a sensitive and generous person. She is a very good confidante, knows how to listen, and guides us in the right direction. Talking to her is always positive and lifts anyone&#8217;s spirits!&#8221; Ana Louren\u00e7o<\/p>\t\t\t\t\t\t\t\t<\/div>\n\t\t\t\t\t<\/div>\n\t\t\t\t<\/div>\n\t\t<div class=\"elementor-element elementor-element-9030946 e-flex e-con-boxed e-con e-parent\" data-id=\"9030946\" data-element_type=\"container\">\n\t\t\t\t\t<div class=\"e-con-inner\">\n\t\t\t\t<div class=\"elementor-element elementor-element-2819dbc elementor-widget elementor-widget-text-editor\" data-id=\"2819dbc\" data-element_type=\"widget\" data-widget_type=\"text-editor.default\">\n\t\t\t\t\t\t\t\t\t<p>&#8220;A Alexandra \u00e9 uma pessoa muito humana e est\u00e1 sempre pronta a ajudar o pr\u00f3ximo! \u00c9 uma lutadora, resiliente e est\u00e1 sempre dispon\u00edvel a partilhar conhecimentos e experi\u00eancias de vida!&#8221;<\/p>\n<p>\u201cAlexandra is a very compassionate person and is always ready to help others! She is a fighter, resilient, and always willing to share her knowledge and life experiences!\u201d Cl\u00e1udia Silva<\/p>\t\t\t\t\t\t\t\t<\/div>\n\t\t\t\t\t<\/div>\n\t\t\t\t<\/div>\n\t\t<div class=\"elementor-element elementor-element-2589145 e-flex e-con-boxed e-con e-parent\" data-id=\"2589145\" data-element_type=\"container\">\n\t\t\t\t\t<div class=\"e-con-inner\">\n\t\t\t\t<div class=\"elementor-element elementor-element-c8c1a21 elementor-widget elementor-widget-text-editor\" data-id=\"c8c1a21\" data-element_type=\"widget\" data-widget_type=\"text-editor.default\">\n\t\t\t\t\t\t\t\t\t<p>&#8220;A Alexandra \u00e9 espetacular! Desde que a conhecemos, a nossa vida melhorou imenso! O seu sentido de empatia e amor por todos os seres vivos e animais eleva qualquer pessoa para a sua melhor vers\u00e3o. Fez com que a nossa fam\u00edlia ficasse mais feliz e completa. \u00c9 uma pessoa sempre pronta a ajudar e na qual confiamos de olhos fechados.&#8221;<\/p><p>&#8220;Alexandra is amazing! Since we met her, our lives have improved immensely! Her sense of empathy and love for all living beings and animals elevates everyone to their best selves. She has made our family happier and more complete. She is always ready to help and we trust her completely.&#8221; In\u00eas e Louren\u00e7o Duarte<\/p>\t\t\t\t\t\t\t\t<\/div>\n\t\t\t\t\t<\/div>\n\t\t\t\t<\/div>\n\t\t<div class=\"elementor-element elementor-element-5b8e417 e-flex e-con-boxed e-con e-parent\" data-id=\"5b8e417\" data-element_type=\"container\">\n\t\t\t\t\t<div class=\"e-con-inner\">\n\t\t\t\t<div class=\"elementor-element elementor-element-b55cf79 elementor-widget elementor-widget-text-editor\" data-id=\"b55cf79\" data-element_type=\"widget\" data-widget_type=\"text-editor.default\">\n\t\t\t\t\t\t\t\t\t<p>&#8220;Da Alexandra esperem s\u00f3 dedica\u00e7\u00e3o, compreens\u00e3o e dire\u00e7\u00e3o, com amor e verdade. \u00c9 uma excelente pessoa e profissional. Ela \u00e9 a pessoa indicada para vos ajudar a encontrar o vosso verdadeiro potencial.&#8221;<\/p>\n<p>\u201cFrom Alexandra, expect nothing but dedication, understanding, and guidance, with love and truth. She is an excellent person and professional. She is the right person to help you find your true potential.\u201d SF<\/p>\t\t\t\t\t\t\t\t<\/div>\n\t\t\t\t\t<\/div>\n\t\t\t\t<\/div>\n\t\t\t\t<\/div>\n\t\t","protected":false},"excerpt":{"rendered":"<p>&#8220;Alexandra is an exceptionally smart, creative, and hardworking professional who consistently brings thoughtful ideas and strong execution to everything she does. She approaches challenges with innovation and determination, making her a reliable and inspiring creator. Alexandra\u2019s dedication to quality and continuous improvement makes her a valuable asset in any environment.&#8221; Lori \u00abAlexandra \u00e9 uma profissional [&hellip;]<\/p>\n","protected":false},"author":1,"featured_media":0,"parent":0,"menu_order":0,"comment_status":"closed","ping_status":"closed","template":"","meta":{"footnotes":""},"class_list":["post-103","page","type-page","status-publish","hentry"],"_links":{"self":[{"href":"https:\/\/alexandradesousa.online\/index.php\/wp-json\/wp\/v2\/pages\/103","targetHints":{"allow":["GET"]}}],"collection":[{"href":"https:\/\/alexandradesousa.online\/index.php\/wp-json\/wp\/v2\/pages"}],"about":[{"href":"https:\/\/alexandradesousa.online\/index.php\/wp-json\/wp\/v2\/types\/page"}],"author":[{"embeddable":true,"href":"https:\/\/alexandradesousa.online\/index.php\/wp-json\/wp\/v2\/users\/1"}],"replies":[{"embeddable":true,"href":"https:\/\/alexandradesousa.online\/index.php\/wp-json\/wp\/v2\/comments?post=103"}],"version-history":[{"count":15,"href":"https:\/\/alexandradesousa.online\/index.php\/wp-json\/wp\/v2\/pages\/103\/revisions"}],"predecessor-version":[{"id":180,"href":"https:\/\/alexandradesousa.online\/index.php\/wp-json\/wp\/v2\/pages\/103\/revisions\/180"}],"wp:attachment":[{"href":"https:\/\/alexandradesousa.online\/index.php\/wp-json\/wp\/v2\/media?parent=103"}],"curies":[{"name":"wp","href":"https:\/\/api.w.org\/{rel}","templated":true}]}}