{"id":2,"date":"2026-01-12T20:28:34","date_gmt":"2026-01-12T20:28:34","guid":{"rendered":"https:\/\/alexandradesousa.online\/wordpress_1\/?page_id=2"},"modified":"2026-02-17T20:25:25","modified_gmt":"2026-02-17T20:25:25","slug":"sample-page","status":"publish","type":"page","link":"https:\/\/alexandradesousa.online\/index.php\/sample-page\/","title":{"rendered":"About"},"content":{"rendered":"\t\t<div data-elementor-type=\"wp-page\" data-elementor-id=\"2\" class=\"elementor elementor-2\">\n\t\t\t\t<div class=\"elementor-element elementor-element-69639e6c e-flex e-con-boxed e-con e-parent\" data-id=\"69639e6c\" data-element_type=\"container\">\n\t\t\t\t\t<div class=\"e-con-inner\">\n\t\t\t\t<div class=\"elementor-element elementor-element-2baa47fa elementor-widget elementor-widget-text-editor\" data-id=\"2baa47fa\" data-element_type=\"widget\" data-widget_type=\"text-editor.default\">\n\t\t\t\t\t\t\t\t\t<blockquote class=\"wp-block-quote\">\n<p><\/p>\n<p><em>Fui militar na For\u00e7a A\u00e9rea Portuguesa e sempre acreditei que o meu caminho seria servir e liderar. No ano em que aguardava vaga para ingressar como Oficial do Ex\u00e9rcito, sofri um grave acidente de via\u00e7\u00e3o que mudou a minha vida para sempre.<\/em><\/p>\n<\/blockquote>\n<p><em><\/em><\/p>\n<p><em>Passei a viver por algum tempo numa cadeira de rodas.<\/em><br \/><em>Mas aprendi que o corpo pode parar\u2026 e a mente pode continuar a avan\u00e7ar.<\/em><\/p>\n<p><em><\/em><\/p>\n<p><em>Nada acontece por acaso. Esse momento dif\u00edcil transformou-me na mulher que sou hoje: resiliente, consciente e determinada a criar um novo rumo para a minha vida.<\/em><\/p>\n<p><em><\/em><\/p>\n<p><em>Decidi tomar as r\u00e9deas do meu destino. Trabalhei diariamente para voltar a andar e para reconstruir a minha identidade pessoal e profissional. Foi nesse processo que descobri o verdadeiro poder da mente aliada \u00e0 alma.<\/em><\/p>\n<p><em><\/em><\/p>\n<p><em>A partir da\u00ed come\u00e7ou a minha viagem no desenvolvimento pessoal.<\/em><\/p>\n<p><em><\/em><\/p>\n<p><em>Ao longo dos anos participei em diversos programas de forma\u00e7\u00e3o, entre eles:<\/em><\/p>\n<p><em><\/em><\/p>\n<ul class=\"wp-block-list\">\n<li style=\"list-style-type: none;\">\n<ul class=\"wp-block-list\"><\/ul>\n<\/li>\n<\/ul>\n<p>\u00a0<\/p>\n<ul class=\"wp-block-list\">\n<li style=\"list-style-type: none;\">\n<ul class=\"wp-block-list\">\n<li><em>Lead \u2013 Raise the Bar in Leadership<\/em><\/li>\n<\/ul>\n<\/li>\n<\/ul>\n<p><\/p>\n<ul class=\"wp-block-list\">\n<li style=\"list-style-type: none;\">\n<ul class=\"wp-block-list\">\n<li><em>Pre-Leader Academy<\/em><\/li>\n<\/ul>\n<\/li>\n<\/ul>\n<p><\/p>\n<ul class=\"wp-block-list\">\n<li style=\"list-style-type: none;\">\n<ul class=\"wp-block-list\">\n<li><em>Fierce Conversations<\/em><\/li>\n<\/ul>\n<\/li>\n<\/ul>\n<p><\/p>\n<ul class=\"wp-block-list\">\n<li style=\"list-style-type: none;\">\n<ul class=\"wp-block-list\">\n<li><em>Teach<\/em><\/li>\n<\/ul>\n<\/li>\n<\/ul>\n<p><\/p>\n<ul class=\"wp-block-list\">\n<li style=\"list-style-type: none;\">\n<ul class=\"wp-block-list\">\n<li><em>Wow Connect<\/em><\/li>\n<\/ul>\n<\/li>\n<\/ul>\n<p><\/p>\n<ul class=\"wp-block-list\">\n<li style=\"list-style-type: none;\">\n<ul class=\"wp-block-list\">\n<li><em>Programa\u00e7\u00e3o Neurolingu\u00edstica (PNL)<\/em><\/li>\n<li>Entre Outros<\/li>\n<\/ul>\n<\/li>\n<\/ul>\n<p><\/p>\n<p><em><\/em><\/p>\n<p><em>Estas experi\u00eancias deram-me ferramentas para compreender melhor o comportamento humano, a comunica\u00e7\u00e3o e o prop\u00f3sito de vida.<\/em><\/p>\n<p><em><\/em><\/p>\n<p><em>Durante muito tempo ajudei as pessoas de forma indireta.<\/em><br \/><em>Hoje, escolho faz\u00ea-lo de forma consciente e direta: ajudar-te a tornares-te a melhor vers\u00e3o de ti mesma.<\/em><\/p>\n<p><em><\/em><\/p>\n<p><em>Acredito profundamente que todas as respostas j\u00e1 vivem dentro de ti.<\/em><br \/><em>S\u00f3 precisas de algu\u00e9m que te guie, te inspire e caminhe contigo nesse processo de transforma\u00e7\u00e3o.<\/em><\/p>\n<p><em><\/em><\/p>\n<p><em>Este \u00e9 o meu prop\u00f3sito.<\/em><\/p>\n<p><\/p>\n<p><\/p>\n<div data-wp-context=\"{ &quot;autoclose&quot;: false, &quot;accordionItems&quot;: [] }\" data-wp-interactive=\"core\/accordion\" class=\"wp-block-accordion is-layout-flow wp-block-accordion-is-layout-flow\" role=\"group\">\n<p><\/p>\n<div class=\"wp-block-accordion-item is-layout-flow wp-block-accordion-item-is-layout-flow\">\n<p><\/p>\n<h3 class=\"wp-block-accordion-heading\">\u00a0<\/h3>\n<p><\/p>\n<div class=\"wp-block-accordion-panel is-layout-flow wp-block-accordion-panel-is-layout-flow\" role=\"region\">\n<p><\/p>\n<p><\/p>\n<\/div>\n<p><\/p>\n<\/div>\n<p><\/p>\n<\/div>\n<p><\/p>\n<p><\/p>\t\t\t\t\t\t\t\t<\/div>\n\t\t\t\t\t<\/div>\n\t\t\t\t<\/div>\n\t\t<div class=\"elementor-element elementor-element-789bd26 e-flex e-con-boxed e-con e-parent\" data-id=\"789bd26\" data-element_type=\"container\">\n\t\t\t\t\t<div class=\"e-con-inner\">\n\t\t\t\t<div class=\"elementor-element elementor-element-e34221d elementor-widget elementor-widget-text-editor\" data-id=\"e34221d\" data-element_type=\"widget\" data-widget_type=\"text-editor.default\">\n\t\t\t\t\t\t\t\t\t<p>I was in the Portuguese Air Force and always believed that my path would be to serve and lead. In the year I was waiting for a vacancy to join the Army as an officer, I suffered a serious car accident that changed my life forever.<\/p>\n<p>I ended up living in a wheelchair for some time.<br \/>But I learned that the body can stop&#8230; and the mind can keep moving forward.<\/p>\n<p>Nothing happens by chance. That difficult moment transformed me into the woman I am today: resilient, conscious, and determined to create a new path for my life.<\/p>\n<p>I decided to take control of my destiny. I worked daily to walk again and rebuild my personal and professional identity. It was during this process that I discovered the true power of the mind combined with the soul.<\/p>\n<p>From then on, my journey of personal development began.<\/p>\n<p>Over the years, I have participated in several training programs, including:<\/p>\n<p>Lead \u2013 Raise the Bar in Leadership<br \/>Pre-Leader Academy<br \/>Fierce Conversations<br \/>Teach<br \/>Wow Connect<br \/>Neuro-Linguistic Programming (NLP)<br \/>Among others<\/p>\n<p>These experiences gave me the tools to better understand human behavior, communication, and life purpose.<\/p>\n<p>For a long time, I helped people indirectly.<br \/>Today, I choose to do so consciously and directly: to help you become the best version of yourself.<\/p>\n<p>I deeply believe that all the answers already live within you.<br \/>You just need someone to guide you, inspire you, and walk with you through this process of transformation.<\/p>\n<p>This is my purpose.<\/p>\t\t\t\t\t\t\t\t<\/div>\n\t\t\t\t\t<\/div>\n\t\t\t\t<\/div>\n\t\t\t\t<\/div>\n\t\t","protected":false},"excerpt":{"rendered":"<p>Fui militar na For\u00e7a A\u00e9rea Portuguesa e sempre acreditei que o meu caminho seria servir e liderar. No ano em que aguardava vaga para ingressar como Oficial do Ex\u00e9rcito, sofri um grave acidente de via\u00e7\u00e3o que mudou a minha vida para sempre. Passei a viver por algum tempo numa cadeira de rodas.Mas aprendi que o [&hellip;]<\/p>\n","protected":false},"author":1,"featured_media":0,"parent":0,"menu_order":0,"comment_status":"closed","ping_status":"open","template":"","meta":{"footnotes":""},"class_list":["post-2","page","type-page","status-publish","hentry"],"_links":{"self":[{"href":"https:\/\/alexandradesousa.online\/index.php\/wp-json\/wp\/v2\/pages\/2","targetHints":{"allow":["GET"]}}],"collection":[{"href":"https:\/\/alexandradesousa.online\/index.php\/wp-json\/wp\/v2\/pages"}],"about":[{"href":"https:\/\/alexandradesousa.online\/index.php\/wp-json\/wp\/v2\/types\/page"}],"author":[{"embeddable":true,"href":"https:\/\/alexandradesousa.online\/index.php\/wp-json\/wp\/v2\/users\/1"}],"replies":[{"embeddable":true,"href":"https:\/\/alexandradesousa.online\/index.php\/wp-json\/wp\/v2\/comments?post=2"}],"version-history":[{"count":18,"href":"https:\/\/alexandradesousa.online\/index.php\/wp-json\/wp\/v2\/pages\/2\/revisions"}],"predecessor-version":[{"id":169,"href":"https:\/\/alexandradesousa.online\/index.php\/wp-json\/wp\/v2\/pages\/2\/revisions\/169"}],"wp:attachment":[{"href":"https:\/\/alexandradesousa.online\/index.php\/wp-json\/wp\/v2\/media?parent=2"}],"curies":[{"name":"wp","href":"https:\/\/api.w.org\/{rel}","templated":true}]}}